{"id":18,"date":"2015-04-14T15:09:08","date_gmt":"2015-04-14T13:09:08","guid":{"rendered":"https:\/\/kistucsok.hu\/?page_id=18"},"modified":"2026-02-23T15:09:01","modified_gmt":"2026-02-23T14:09:01","slug":"fooldal","status":"publish","type":"page","link":"https:\/\/kistucsok.hu\/en\/","title":{"rendered":"Home"},"content":{"rendered":"<p>[vc_row css=&#8221;.vc_custom_1625036803419{padding-bottom: 64px !important;}&#8221;][vc_column][\/vc_column][\/vc_row][vc_row el_class=&#8221;regionk-izei-menu&#8221; css=&#8221;.vc_custom_1624974202650{padding-bottom: 128px !important;}&#8221;][vc_column]\n        <div class=\"rs-heading style2   text-center\">\n        \t<div class=\"title-inner\">\n\t            \n\t            \n\t            <h2 class=\"title\">From our Menu<\/h2>\n\t        <\/div><\/div>[vc_tta_tabs color=&#8221;white&#8221; alignment=&#8221;center&#8221; active_section=&#8221;1&#8243; el_class=&#8221;home2menu&#8221;][vc_tta_section i_icon_fontawesome=&#8221;fas fa-utensils&#8221; add_icon=&#8221;true&#8221; title=&#8221;R\u00e9gi\u00f3nk \u00edzei&#8221; tab_id=&#8221;regionk_izei&#8221;][vc_row_inner][vc_column_inner width=&#8221;1\/2&#8243;]<div class=\"rs-menu rs-menu3 style3  \">\n\t\t\t\t\t\t<div class=\"item-wrap \">\n\t\t\t\t\t\t\t<div class=\"row rows\">\n\t\t\t\t\t\t\t\t<div class=\"col-lg-6 col-md-12 col-sm-12 col-xs-12\">\n\t\t\t\t\t\t\t\t\t<div class=\"inner-content\">\n\t\t\t\t\t\t\t\t\t\t<h5>Roast leg of venison<\/h5>\n\t\t\t\t\t\t\t\t\t\t<div class=\"content-p\">with vegetable sauce &amp; potato doughnuts<\/div>\n\t\t\t\t\t\t\t\t\t\t<div class=\"menu-price\">                                   \n\t\t\t\t\t\t\t\t\t\t\t<div class=\"inner\">\n\t\t\t\t\t\t\t\t\t\t\t\t<span class=\"price\"> <\/span>\n\t\t\t\t\t\t\t\t\t\t\t<\/div>\n\t\t\t\t\t\t\t\t\t\t<\/div>\n\t\t\t\t\t\t\t\t\t<\/div>\t\t\t\t\t\t\t\t\n\t\t\t\t\t\t\t\t<\/div>\n\t\t\t\t\t\t\t\t<div class=\"col-lg-6 col-md-12 col-sm-12 col-xs-12\">\n\t\t\t\t\t\t\t\t\t<div class=\"inner-img\">\n\t\t\t\t\t\t\t\t\t\t<img decoding=\"async\" src=\"https:\/\/kistucsok.hu\/wp-content\/uploads\/2025\/11\/KT0B2A3187-scaled-e1764231371789-1024x583.jpg\" alt=\"rsaddon-image\" \/>\n\t\t\t\t\t\t\t\t\t<\/div>\n\t\t\t\t\t\t\t\t<\/div>\n\t\t\t\t\t\t\t<\/div>\n\t\t\t\t\t    <\/div>\n\t\t\t\t    <\/div><div class=\"rs-menu rs-menu3 style3  \">\n\t\t\t\t\t\t<div class=\"item-wrap \">\n\t\t\t\t\t\t\t<div class=\"row rows\">\n\t\t\t\t\t\t\t\t<div class=\"col-lg-6 col-md-12 col-sm-12 col-xs-12\">\n\t\t\t\t\t\t\t\t\t<div class=\"inner-content\">\n\t\t\t\t\t\t\t\t\t\t<h5>Curd cheese pasta<\/h5>\n\t\t\t\t\t\t\t\t\t\t<div class=\"content-p\">slightly roasted with greaves<\/div>\n\t\t\t\t\t\t\t\t\t\t<div class=\"menu-price\">                                   \n\t\t\t\t\t\t\t\t\t\t\t<div class=\"inner\">\n\t\t\t\t\t\t\t\t\t\t\t\t<span class=\"price\"> <\/span>\n\t\t\t\t\t\t\t\t\t\t\t<\/div>\n\t\t\t\t\t\t\t\t\t\t<\/div>\n\t\t\t\t\t\t\t\t\t<\/div>\t\t\t\t\t\t\t\t\n\t\t\t\t\t\t\t\t<\/div>\n\t\t\t\t\t\t\t\t<div class=\"col-lg-6 col-md-12 col-sm-12 col-xs-12\">\n\t\t\t\t\t\t\t\t\t<div class=\"inner-img\">\n\t\t\t\t\t\t\t\t\t\t<img decoding=\"async\" src=\"https:\/\/kistucsok.hu\/wp-content\/uploads\/2025\/07\/11-1024x576.png\" alt=\"rsaddon-image\" \/>\n\t\t\t\t\t\t\t\t\t<\/div>\n\t\t\t\t\t\t\t\t<\/div>\n\t\t\t\t\t\t\t<\/div>\n\t\t\t\t\t    <\/div>\n\t\t\t\t    <\/div>[\/vc_column_inner][vc_column_inner width=&#8221;1\/2&#8243;]<div class=\"rs-menu rs-menu3 style3  \">\n\t\t\t\t\t\t<div class=\"item-wrap \">\n\t\t\t\t\t\t\t<div class=\"row rows\">\n\t\t\t\t\t\t\t\t<div class=\"col-lg-6 col-md-12 col-sm-12 col-xs-12\">\n\t\t\t\t\t\t\t\t\t<div class=\"inner-content\">\n\t\t\t\t\t\t\t\t\t\t<h5>Chicken stew<\/h5>\n\t\t\t\t\t\t\t\t\t\t<div class=\"content-p\">with dumplings<\/div>\n\t\t\t\t\t\t\t\t\t\t<div class=\"menu-price\">                                   \n\t\t\t\t\t\t\t\t\t\t\t<div class=\"inner\">\n\t\t\t\t\t\t\t\t\t\t\t\t<span class=\"price\"> <\/span>\n\t\t\t\t\t\t\t\t\t\t\t<\/div>\n\t\t\t\t\t\t\t\t\t\t<\/div>\n\t\t\t\t\t\t\t\t\t<\/div>\t\t\t\t\t\t\t\t\n\t\t\t\t\t\t\t\t<\/div>\n\t\t\t\t\t\t\t\t<div class=\"col-lg-6 col-md-12 col-sm-12 col-xs-12\">\n\t\t\t\t\t\t\t\t\t<div class=\"inner-img\">\n\t\t\t\t\t\t\t\t\t\t<img decoding=\"async\" src=\"https:\/\/kistucsok.hu\/wp-content\/uploads\/2025\/07\/9-1024x576.png\" alt=\"rsaddon-image\" \/>\n\t\t\t\t\t\t\t\t\t<\/div>\n\t\t\t\t\t\t\t\t<\/div>\n\t\t\t\t\t\t\t<\/div>\n\t\t\t\t\t    <\/div>\n\t\t\t\t    <\/div><div class=\"rs-menu rs-menu3 style3  \">\n\t\t\t\t\t\t<div class=\"item-wrap \">\n\t\t\t\t\t\t\t<div class=\"row rows\">\n\t\t\t\t\t\t\t\t<div class=\"col-lg-6 col-md-12 col-sm-12 col-xs-12\">\n\t\t\t\t\t\t\t\t\t<div class=\"inner-content\">\n\t\t\t\t\t\t\t\t\t\t<h5>Floating Islands<\/h5>\n\t\t\t\t\t\t\t\t\t\t<div class=\"content-p\"><\/div>\n\t\t\t\t\t\t\t\t\t\t<div class=\"menu-price\">                                   \n\t\t\t\t\t\t\t\t\t\t\t<div class=\"inner\">\n\t\t\t\t\t\t\t\t\t\t\t\t<span class=\"price\"> <\/span>\n\t\t\t\t\t\t\t\t\t\t\t<\/div>\n\t\t\t\t\t\t\t\t\t\t<\/div>\n\t\t\t\t\t\t\t\t\t<\/div>\t\t\t\t\t\t\t\t\n\t\t\t\t\t\t\t\t<\/div>\n\t\t\t\t\t\t\t\t<div class=\"col-lg-6 col-md-12 col-sm-12 col-xs-12\">\n\t\t\t\t\t\t\t\t\t<div class=\"inner-img\">\n\t\t\t\t\t\t\t\t\t\t<img decoding=\"async\" src=\"https:\/\/kistucsok.hu\/wp-content\/uploads\/2025\/07\/10-1024x576.png\" alt=\"rsaddon-image\" \/>\n\t\t\t\t\t\t\t\t\t<\/div>\n\t\t\t\t\t\t\t\t<\/div>\n\t\t\t\t\t\t\t<\/div>\n\t\t\t\t\t    <\/div>\n\t\t\t\t    <\/div>[\/vc_column_inner][\/vc_row_inner][\/vc_tta_section][\/vc_tta_tabs][\/vc_column][\/vc_row][vc_row][vc_column]\n        <div class=\"rs-heading style2   text-center\">\n        \t<div class=\"title-inner\">\n\t            \n\t            \n\t            <h2 class=\"title\">Book Your Room Now<\/h2>\n\t        <\/div><\/div>[vc_empty_space][vc_column_text]<\/p>\n<p style=\"text-align: center;\">Book your stay in Balatonszemes, close to Lake Balaton, and enjoy boutique hotel comfort paired with outstanding dining \u2014 all in one place. Kist\u00fccs\u00f6k Food &amp; Room is the perfect choice for relaxation, culinary experiences, and a true Balaton getaway.<\/p>\n<p>[\/vc_column_text]\n<div class=\" norotate  btn-center\">\n\t<a data-onhoverbg=\"#9e6835\" data-bordercolor=\"\" class=\"rs-button readon btn2  btn-border\" href=\"https:\/\/kistucsok.hu\/en\/book-your-room\/\" style=\"color:#ffffff;background:#a07037;border-color:#a07037;text-transform:uppercase;border-radius: 30px;\" data-onhovercolor=\"#ffffff\" data-onleavebg=\"#a07037\" data-onleavecolor=\"#ffffff\" ><span>Book your room<\/span><\/a>\n<\/div>[vc_empty_space height=&#8221;128px&#8221;][\/vc_column][\/vc_row][vc_row][vc_column]\n        <div class=\"rs-heading style2   text-center\">\n        \t<div class=\"title-inner\">\n\t            \n\t            \n\t            <h2 class=\"title\">Take a virtual tour!<\/h2>\n\t        <\/div><\/div>[vc_empty_space][vc_column_text]<\/p>\n<p style=\"text-align: center;\">Check out Kist\u00fccs\u00f6k Food &amp; Room**** in 360\u00b0 footage!<\/p>\n<p>[\/vc_column_text]\n<div class=\" norotate  btn-center\">\n\t<a data-onhoverbg=\"#9e6835\" data-bordercolor=\"\" class=\"rs-button readon btn2  btn-border\" href=\"https:\/\/www.3dpano.hu\/Kistucsok24\/\" style=\"color:#ffffff;background:#a07037;border-color:#a07037;text-transform:uppercase;border-radius: 30px;\" data-onhovercolor=\"#ffffff\" data-onleavebg=\"#a07037\" data-onleavecolor=\"#ffffff\" ><span>Click here to view the 3D tour<\/span><\/a>\n<\/div>[\/vc_column][\/vc_row][vc_row disable_element=&#8221;yes&#8221;][vc_column]\n        <div class=\"rs-heading style8   text-center\">\n        \t<div class=\"title-inner\">\n\t            \n\t            \n\t            <h2 class=\"title\">Legfrissebb h\u00edreink<\/h2>\n\t        <\/div><\/div>[vc_empty_space height=&#8221;24px&#8221;]<div class=\"rs-blog-grid rs-blog \">\n\t\t\t<div class=\"row\"><\/div><\/div>\n<div class=\" norotate  btn-center\">\n\t<a data-onhoverbg=\"#9e6835\" data-bordercolor=\"\" class=\"rs-button readon btn2  btn-border\" href=\"\/hirek-rendezvenyek\/\" style=\"color:#ffffff;background:#a07037;border-color:#a07037;text-transform:uppercase;border-radius: 30px;\" data-onhovercolor=\"#ffffff\" data-onleavebg=\"#a07037\" data-onleavecolor=\"#ffffff\" ><span>Tov\u00e1bbi h\u00edreink<\/span><\/a>\n<\/div>[\/vc_column][\/vc_row]<\/p>\n","protected":false},"excerpt":{"rendered":"<p>[vc_row css=&#8221;.vc_custom_1625036803419{padding-bottom: 64px !important;}&#8221;][vc_column][\/vc_column][\/vc_row][vc_row el_class=&#8221;regionk-izei-menu&#8221; css=&#8221;.vc_custom_1624974202650{padding-bottom: 128px !important;}&#8221;][vc_column][vc_tta_tabs color=&#8221;white&#8221; alignment=&#8221;center&#8221; active_section=&#8221;1&#8243; el_class=&#8221;home2menu&#8221;][vc_tta_section i_icon_fontawesome=&#8221;fas fa-utensils&#8221; add_icon=&#8221;true&#8221; title=&#8221;R\u00e9gi\u00f3nk \u00edzei&#8221; tab_id=&#8221;regionk_izei&#8221;][vc_row_inner][vc_column_inner width=&#8221;1\/2&#8243;][\/vc_column_inner][vc_column_inner width=&#8221;1\/2&#8243;][\/vc_column_inner][\/vc_row_inner][\/vc_tta_section][\/vc_tta_tabs][\/vc_column][\/vc_row][vc_row][vc_column][vc_empty_space][vc_column_text] Book your stay in Balatonszemes, close to Lake Balaton, and enjoy boutique hotel comfort paired with outstanding dining \u2014 all in one place. Kist\u00fccs\u00f6k Food &amp; Room is the perfect choice for relaxation, culinary experiences,&#8230;<\/p>\n","protected":false},"author":1,"featured_media":0,"parent":0,"menu_order":0,"comment_status":"closed","ping_status":"closed","template":"","meta":{"_acf_changed":false,"om_disable_all_campaigns":false,"_monsterinsights_skip_tracking":false,"_monsterinsights_sitenote_active":false,"_monsterinsights_sitenote_note":"","_monsterinsights_sitenote_category":0,"footnotes":""},"class_list":["post-18","page","type-page","status-publish","hentry"],"acf":[],"aioseo_notices":[],"_links":{"self":[{"href":"https:\/\/kistucsok.hu\/en\/wp-json\/wp\/v2\/pages\/18"}],"collection":[{"href":"https:\/\/kistucsok.hu\/en\/wp-json\/wp\/v2\/pages"}],"about":[{"href":"https:\/\/kistucsok.hu\/en\/wp-json\/wp\/v2\/types\/page"}],"author":[{"embeddable":true,"href":"https:\/\/kistucsok.hu\/en\/wp-json\/wp\/v2\/users\/1"}],"replies":[{"embeddable":true,"href":"https:\/\/kistucsok.hu\/en\/wp-json\/wp\/v2\/comments?post=18"}],"version-history":[{"count":30,"href":"https:\/\/kistucsok.hu\/en\/wp-json\/wp\/v2\/pages\/18\/revisions"}],"predecessor-version":[{"id":18786,"href":"https:\/\/kistucsok.hu\/en\/wp-json\/wp\/v2\/pages\/18\/revisions\/18786"}],"wp:attachment":[{"href":"https:\/\/kistucsok.hu\/en\/wp-json\/wp\/v2\/media?parent=18"}],"curies":[{"name":"wp","href":"https:\/\/api.w.org\/{rel}","templated":true}]}}