{"id":20,"date":"2015-04-14T15:09:08","date_gmt":"2015-04-14T13:09:08","guid":{"rendered":"https:\/\/kistucsok.hu\/?page_id=20"},"modified":"2026-02-23T15:09:29","modified_gmt":"2026-02-23T14:09:29","slug":"home-2","status":"publish","type":"page","link":"https:\/\/kistucsok.hu\/de\/","title":{"rendered":"Home"},"content":{"rendered":"<p>[vc_row css=&#8220;.vc_custom_1625036803419{padding-bottom: 64px !important;}&#8220;][vc_column][\/vc_column][\/vc_row][vc_row el_class=&#8220;regionk-izei-menu&#8220; css=&#8220;.vc_custom_1624974202650{padding-bottom: 128px !important;}&#8220;][vc_column]\n        <div class=\"rs-heading style2   text-center\">\n        \t<div class=\"title-inner\">\n\t            \n\t            \n\t            <h2 class=\"title\">\u00dcber unsere Speisekarte<\/h2>\n\t        <\/div><\/div>[vc_tta_tabs color=&#8220;white&#8220; alignment=&#8220;center&#8220; active_section=&#8220;1&#8243; el_class=&#8220;home2menu&#8220;][vc_tta_section i_icon_fontawesome=&#8220;fas fa-utensils&#8220; add_icon=&#8220;true&#8220; title=&#8220;R\u00e9gi\u00f3nk \u00edzei&#8220; tab_id=&#8220;regionk_izei&#8220;][vc_row_inner][vc_column_inner width=&#8220;1\/2&#8243;]<div class=\"rs-menu rs-menu3 style3  \">\n\t\t\t\t\t\t<div class=\"item-wrap \">\n\t\t\t\t\t\t\t<div class=\"row rows\">\n\t\t\t\t\t\t\t\t<div class=\"col-lg-6 col-md-12 col-sm-12 col-xs-12\">\n\t\t\t\t\t\t\t\t\t<div class=\"inner-content\">\n\t\t\t\t\t\t\t\t\t\t<h5>Hirschkeule<\/h5>\n\t\t\t\t\t\t\t\t\t\t<div class=\"content-p\">mit Wildbretsauce und Kartoffelkrapfen<\/div>\n\t\t\t\t\t\t\t\t\t\t<div class=\"menu-price\">                                   \n\t\t\t\t\t\t\t\t\t\t\t<div class=\"inner\">\n\t\t\t\t\t\t\t\t\t\t\t\t<span class=\"price\"> <\/span>\n\t\t\t\t\t\t\t\t\t\t\t<\/div>\n\t\t\t\t\t\t\t\t\t\t<\/div>\n\t\t\t\t\t\t\t\t\t<\/div>\t\t\t\t\t\t\t\t\n\t\t\t\t\t\t\t\t<\/div>\n\t\t\t\t\t\t\t\t<div class=\"col-lg-6 col-md-12 col-sm-12 col-xs-12\">\n\t\t\t\t\t\t\t\t\t<div class=\"inner-img\">\n\t\t\t\t\t\t\t\t\t\t<img decoding=\"async\" src=\"https:\/\/kistucsok.hu\/wp-content\/uploads\/2025\/11\/KT0B2A3187-scaled-e1764231371789-1024x583.jpg\" alt=\"rsaddon-image\" \/>\n\t\t\t\t\t\t\t\t\t<\/div>\n\t\t\t\t\t\t\t\t<\/div>\n\t\t\t\t\t\t\t<\/div>\n\t\t\t\t\t    <\/div>\n\t\t\t\t    <\/div><div class=\"rs-menu rs-menu3 style3  \">\n\t\t\t\t\t\t<div class=\"item-wrap \">\n\t\t\t\t\t\t\t<div class=\"row rows\">\n\t\t\t\t\t\t\t\t<div class=\"col-lg-6 col-md-12 col-sm-12 col-xs-12\">\n\t\t\t\t\t\t\t\t\t<div class=\"inner-content\">\n\t\t\t\t\t\t\t\t\t\t<h5>Quarkfleckerln<\/h5>\n\t\t\t\t\t\t\t\t\t\t<div class=\"content-p\">mit Grieben anger\u00f6stet<\/div>\n\t\t\t\t\t\t\t\t\t\t<div class=\"menu-price\">                                   \n\t\t\t\t\t\t\t\t\t\t\t<div class=\"inner\">\n\t\t\t\t\t\t\t\t\t\t\t\t<span class=\"price\"> <\/span>\n\t\t\t\t\t\t\t\t\t\t\t<\/div>\n\t\t\t\t\t\t\t\t\t\t<\/div>\n\t\t\t\t\t\t\t\t\t<\/div>\t\t\t\t\t\t\t\t\n\t\t\t\t\t\t\t\t<\/div>\n\t\t\t\t\t\t\t\t<div class=\"col-lg-6 col-md-12 col-sm-12 col-xs-12\">\n\t\t\t\t\t\t\t\t\t<div class=\"inner-img\">\n\t\t\t\t\t\t\t\t\t\t<img decoding=\"async\" src=\"https:\/\/kistucsok.hu\/wp-content\/uploads\/2025\/07\/11-1024x576.png\" alt=\"rsaddon-image\" \/>\n\t\t\t\t\t\t\t\t\t<\/div>\n\t\t\t\t\t\t\t\t<\/div>\n\t\t\t\t\t\t\t<\/div>\n\t\t\t\t\t    <\/div>\n\t\t\t\t    <\/div>[\/vc_column_inner][vc_column_inner width=&#8220;1\/2&#8243;]<div class=\"rs-menu rs-menu3 style3  \">\n\t\t\t\t\t\t<div class=\"item-wrap \">\n\t\t\t\t\t\t\t<div class=\"row rows\">\n\t\t\t\t\t\t\t\t<div class=\"col-lg-6 col-md-12 col-sm-12 col-xs-12\">\n\t\t\t\t\t\t\t\t\t<div class=\"inner-content\">\n\t\t\t\t\t\t\t\t\t\t<h5>H\u00fchnergulasch<\/h5>\n\t\t\t\t\t\t\t\t\t\t<div class=\"content-p\">mit Nockerln<\/div>\n\t\t\t\t\t\t\t\t\t\t<div class=\"menu-price\">                                   \n\t\t\t\t\t\t\t\t\t\t\t<div class=\"inner\">\n\t\t\t\t\t\t\t\t\t\t\t\t<span class=\"price\"> <\/span>\n\t\t\t\t\t\t\t\t\t\t\t<\/div>\n\t\t\t\t\t\t\t\t\t\t<\/div>\n\t\t\t\t\t\t\t\t\t<\/div>\t\t\t\t\t\t\t\t\n\t\t\t\t\t\t\t\t<\/div>\n\t\t\t\t\t\t\t\t<div class=\"col-lg-6 col-md-12 col-sm-12 col-xs-12\">\n\t\t\t\t\t\t\t\t\t<div class=\"inner-img\">\n\t\t\t\t\t\t\t\t\t\t<img decoding=\"async\" src=\"https:\/\/kistucsok.hu\/wp-content\/uploads\/2025\/07\/9-1024x576.png\" alt=\"rsaddon-image\" \/>\n\t\t\t\t\t\t\t\t\t<\/div>\n\t\t\t\t\t\t\t\t<\/div>\n\t\t\t\t\t\t\t<\/div>\n\t\t\t\t\t    <\/div>\n\t\t\t\t    <\/div><div class=\"rs-menu rs-menu3 style3  \">\n\t\t\t\t\t\t<div class=\"item-wrap \">\n\t\t\t\t\t\t\t<div class=\"row rows\">\n\t\t\t\t\t\t\t\t<div class=\"col-lg-6 col-md-12 col-sm-12 col-xs-12\">\n\t\t\t\t\t\t\t\t\t<div class=\"inner-content\">\n\t\t\t\t\t\t\t\t\t\t<h5>Schnee-Eier<\/h5>\n\t\t\t\t\t\t\t\t\t\t<div class=\"content-p\"><\/div>\n\t\t\t\t\t\t\t\t\t\t<div class=\"menu-price\">                                   \n\t\t\t\t\t\t\t\t\t\t\t<div class=\"inner\">\n\t\t\t\t\t\t\t\t\t\t\t\t<span class=\"price\"> <\/span>\n\t\t\t\t\t\t\t\t\t\t\t<\/div>\n\t\t\t\t\t\t\t\t\t\t<\/div>\n\t\t\t\t\t\t\t\t\t<\/div>\t\t\t\t\t\t\t\t\n\t\t\t\t\t\t\t\t<\/div>\n\t\t\t\t\t\t\t\t<div class=\"col-lg-6 col-md-12 col-sm-12 col-xs-12\">\n\t\t\t\t\t\t\t\t\t<div class=\"inner-img\">\n\t\t\t\t\t\t\t\t\t\t<img decoding=\"async\" src=\"https:\/\/kistucsok.hu\/wp-content\/uploads\/2025\/07\/10-1024x576.png\" alt=\"rsaddon-image\" \/>\n\t\t\t\t\t\t\t\t\t<\/div>\n\t\t\t\t\t\t\t\t<\/div>\n\t\t\t\t\t\t\t<\/div>\n\t\t\t\t\t    <\/div>\n\t\t\t\t    <\/div>[\/vc_column_inner][\/vc_row_inner][\/vc_tta_section][\/vc_tta_tabs][\/vc_column][\/vc_row][vc_row][vc_column]\n        <div class=\"rs-heading style2   text-center\">\n        \t<div class=\"title-inner\">\n\t            \n\t            \n\t            <h2 class=\"title\">Jetzt Zimmer buchen<\/h2>\n\t        <\/div><\/div>[vc_empty_space][vc_column_text]<\/p>\n<p style=\"text-align: center;\">Buche deine Unterkunft in Balatonszemes, nur wenige Schritte vom Balaton entfernt, und genie\u00dfe Boutique-Hotel-Komfort kombiniert mit ausgezeichneter K\u00fcche \u2013 alles an einem Ort. Kist\u00fccs\u00f6k Food &amp; Room ist die ideale Wahl f\u00fcr Erholung, Genuss und eine entspannte Auszeit am Balaton.<\/p>\n<p>[\/vc_column_text]\n<div class=\" norotate  btn-center\">\n\t<a data-onhoverbg=\"#9e6835\" data-bordercolor=\"\" class=\"rs-button readon btn2  btn-border\" href=\"https:\/\/kistucsok.hu\/de\/zimmerreservierung\/\" style=\"color:#ffffff;background:#a07037;border-color:#a07037;text-transform:uppercase;border-radius: 30px;\" data-onhovercolor=\"#ffffff\" data-onleavebg=\"#a07037\" data-onleavecolor=\"#ffffff\" ><span>Zimmerreservierung<\/span><\/a>\n<\/div>[vc_empty_space height=&#8220;128px&#8220;][\/vc_column][\/vc_row][vc_row][vc_column]\n        <div class=\"rs-heading style2   text-center\">\n        \t<div class=\"title-inner\">\n\t            \n\t            \n\t            <h2 class=\"title\">Nimm an einer virtuellen Tour teil!<\/h2>\n\t        <\/div><\/div>[vc_empty_space][vc_column_text]<\/p>\n<p style=\"text-align: center;\">Sieh dir Kist\u00fccs\u00f6k Food &amp; Room**** in 360\u00b0-Aufnahmen an!<\/p>\n<p>[\/vc_column_text]\n<div class=\" norotate  btn-center\">\n\t<a data-onhoverbg=\"#9e6835\" data-bordercolor=\"\" class=\"rs-button readon btn2  btn-border\" href=\"https:\/\/www.3dpano.hu\/Kistucsok24\/\" style=\"color:#ffffff;background:#a07037;border-color:#a07037;text-transform:uppercase;border-radius: 30px;\" data-onhovercolor=\"#ffffff\" data-onleavebg=\"#a07037\" data-onleavecolor=\"#ffffff\" ><span>Klicke hier, um die 3D-Tour anzusehen<\/span><\/a>\n<\/div>[\/vc_column][\/vc_row][vc_row disable_element=&#8220;yes&#8220;][vc_column]\n        <div class=\"rs-heading style8   text-center\">\n        \t<div class=\"title-inner\">\n\t            \n\t            \n\t            <h2 class=\"title\">Legfrissebb h\u00edreink<\/h2>\n\t        <\/div><\/div>[vc_empty_space height=&#8220;24px&#8220;]<div class=\"rs-blog-grid rs-blog \">\n\t\t\t<div class=\"row\"><\/div><\/div>\n<div class=\" norotate  btn-center\">\n\t<a data-onhoverbg=\"#9e6835\" data-bordercolor=\"\" class=\"rs-button readon btn2  btn-border\" href=\"\/hirek-rendezvenyek\/\" style=\"color:#ffffff;background:#a07037;border-color:#a07037;text-transform:uppercase;border-radius: 30px;\" data-onhovercolor=\"#ffffff\" data-onleavebg=\"#a07037\" data-onleavecolor=\"#ffffff\" ><span>Tov\u00e1bbi h\u00edreink<\/span><\/a>\n<\/div>[\/vc_column][\/vc_row]<\/p>\n","protected":false},"excerpt":{"rendered":"<p>[vc_row css=&#8220;.vc_custom_1625036803419{padding-bottom: 64px !important;}&#8220;][vc_column][\/vc_column][\/vc_row][vc_row el_class=&#8220;regionk-izei-menu&#8220; css=&#8220;.vc_custom_1624974202650{padding-bottom: 128px !important;}&#8220;][vc_column][vc_tta_tabs color=&#8220;white&#8220; alignment=&#8220;center&#8220; active_section=&#8220;1&#8243; el_class=&#8220;home2menu&#8220;][vc_tta_section i_icon_fontawesome=&#8220;fas fa-utensils&#8220; add_icon=&#8220;true&#8220; title=&#8220;R\u00e9gi\u00f3nk \u00edzei&#8220; tab_id=&#8220;regionk_izei&#8220;][vc_row_inner][vc_column_inner width=&#8220;1\/2&#8243;][\/vc_column_inner][vc_column_inner width=&#8220;1\/2&#8243;][\/vc_column_inner][\/vc_row_inner][\/vc_tta_section][\/vc_tta_tabs][\/vc_column][\/vc_row][vc_row][vc_column][vc_empty_space][vc_column_text] Buche deine Unterkunft in Balatonszemes, nur wenige Schritte vom Balaton entfernt, und genie\u00dfe Boutique-Hotel-Komfort kombiniert mit ausgezeichneter K\u00fcche \u2013 alles an einem Ort. Kist\u00fccs\u00f6k Food &amp; Room ist die ideale Wahl f\u00fcr Erholung, Genuss und&#8230;<\/p>\n","protected":false},"author":1,"featured_media":0,"parent":0,"menu_order":0,"comment_status":"closed","ping_status":"closed","template":"","meta":{"_acf_changed":false,"om_disable_all_campaigns":false,"_monsterinsights_skip_tracking":false,"_monsterinsights_sitenote_active":false,"_monsterinsights_sitenote_note":"","_monsterinsights_sitenote_category":0,"footnotes":""},"class_list":["post-20","page","type-page","status-publish","hentry"],"acf":[],"aioseo_notices":[],"_links":{"self":[{"href":"https:\/\/kistucsok.hu\/de\/wp-json\/wp\/v2\/pages\/20"}],"collection":[{"href":"https:\/\/kistucsok.hu\/de\/wp-json\/wp\/v2\/pages"}],"about":[{"href":"https:\/\/kistucsok.hu\/de\/wp-json\/wp\/v2\/types\/page"}],"author":[{"embeddable":true,"href":"https:\/\/kistucsok.hu\/de\/wp-json\/wp\/v2\/users\/1"}],"replies":[{"embeddable":true,"href":"https:\/\/kistucsok.hu\/de\/wp-json\/wp\/v2\/comments?post=20"}],"version-history":[{"count":28,"href":"https:\/\/kistucsok.hu\/de\/wp-json\/wp\/v2\/pages\/20\/revisions"}],"predecessor-version":[{"id":18787,"href":"https:\/\/kistucsok.hu\/de\/wp-json\/wp\/v2\/pages\/20\/revisions\/18787"}],"wp:attachment":[{"href":"https:\/\/kistucsok.hu\/de\/wp-json\/wp\/v2\/media?parent=20"}],"curies":[{"name":"wp","href":"https:\/\/api.w.org\/{rel}","templated":true}]}}