{"id":16751,"date":"2022-03-22T10:28:22","date_gmt":"2022-03-22T09:28:22","guid":{"rendered":"https:\/\/kistucsok.hu\/kulinaris-kalandozasok\/"},"modified":"2024-02-04T11:28:56","modified_gmt":"2024-02-04T10:28:56","slug":"kulinaris-kalandozasok","status":"publish","type":"page","link":"https:\/\/kistucsok.hu\/de\/kulinaris-kalandozasok\/","title":{"rendered":"Kulinarische Erlebnisse"},"content":{"rendered":"<p>[vc_row][vc_column width=&#8220;1\/2&#8243;][vc_column_text]<\/p>\n<h4>Kulinarische Erlebnisse in Balatonszemes!<\/h4>\n<p>[\/vc_column_text][vc_column_text]Eckpfeiler unseres Konzepts sind die Achtung der gastronomischen Traditionen sowie die weitgehende Verwendung von Rohstoffen aus der Region und die Unterst\u00fctzung der lokalen Landwirte und Winzer. Wir sind stolz auf unser breites Netzwerk von Erzeugern und die engen Freundschaften, die wir im Laufe der Jahre mit unseren Landwirten und Winzern aufgebaut haben. Auf der Speisekarte stehen Gem\u00fcse und Obst aus der Region, aber auch hausgemachte Sirupe, Marmeladen, K\u00e4se, Salami und Schinken von einzelnen Erzeugern.<\/p>\n<p>Um eine st\u00e4ndige Erneuerung zu gew\u00e4hrleisten, wechselt unsere saisonale Speisekarte alle sechs Wochen, so dass Sie neben den traditionellen Gerichten, die das ganze Jahr \u00fcber angeboten werden, in jeder Saison aus zwei verschiedenen Men\u00fcs w\u00e4hlen k\u00f6nnen. Die Kernelemente unserer saisonalen Speisekarte sind das Men\u00fc &#8222;Aromen der Region&#8220; und das 2020 eingef\u00fchrte Men\u00fc &#8222;Vegane Aromen der Region&#8220; mit jeweils vier G\u00e4ngen, das sich an demselben Thema orientiert.[\/vc_column_text][\/vc_column][vc_column width=&#8220;1\/2&#8243;][vc_single_image image=&#8220;16590&#8243; img_size=&#8220;400&#215;500&#8243; alignment=&#8220;center&#8220;][\/vc_column][\/vc_row][vc_row][vc_column width=&#8220;1\/2&#8243;][vc_single_image image=&#8220;16591&#8243; img_size=&#8220;400&#215;500&#8243; alignment=&#8220;center&#8220;][\/vc_column][vc_column width=&#8220;1\/2&#8243;][vc_column_text]Unser Ziel und unser Herz ist es, das Potenzial unserer Region zu pr\u00e4sentieren und hervorzuheben, sowohl in Bezug auf Essen als auch auf Wein. Unsere Weinkarte wird von den Weinen der Balatoner Weinkellereien dominiert, enth\u00e4lt aber auch Weine aus anderen ungarischen Weinregionen. Unsere Weinkarte umfasst mittlerweile \u00fcber 700 Positionen, die meisten davon sind ungarische Weine.<\/p>\n<p>Ein wichtiger Meilenstein in unserem Leben ist die Er\u00f6ffnung unserer Unterkunft im Herbst 2021, mit der wir unseren G\u00e4sten ein komplexes gastronomisch-touristisches Erlebnis w\u00e4hrend ihres Aufenthalts bieten wollen. Wir haben den Chef&#8217;s Room geschaffen, den perfekten Ort f\u00fcr unsere Themenveranstaltungen, Abendessen und gastronomisch ausgerichteten privaten oder gesch\u00e4ftlichen Veranstaltungen. Eine Besonderheit des Chef&#8217;s Room ist, dass Sie unseren K\u00f6chen live in der Showk\u00fcche oder \u00fcber Bildschirme bei der Arbeit zusehen k\u00f6nnen. Zu den Kochabenden laden wir renommierte K\u00f6che und Freunde der Spitzengastronomie ein, um ein Men\u00fc zu kreieren und so die Liebe zum Essen und Trinken sowie die Werte, Ideen und Lebenserfahrungen, die uns tagt\u00e4glich motivieren, an unsere G\u00e4ste weiterzugeben.[\/vc_column_text][\/vc_column][\/vc_row][vc_row][vc_column][vc_btn title=&#8220;Reservierungen&#8220; color=&#8220;chino&#8220; align=&#8220;center&#8220; link=&#8220;url:https%3A%2F%2Freservours.com%2Fkistucsok%2Ftablereservation%2Fde%3Fsource%3Dwebsite|target:_blank&#8220;][\/vc_column][\/vc_row]<\/p>\n","protected":false},"excerpt":{"rendered":"<p>[vc_row][vc_column width=&#8220;1\/2&#8243;][vc_column_text] Kulinarische Erlebnisse in Balatonszemes! [\/vc_column_text][vc_column_text]Eckpfeiler unseres Konzepts sind die Achtung der gastronomischen Traditionen sowie die weitgehende Verwendung von Rohstoffen aus der Region und die Unterst\u00fctzung der lokalen Landwirte und Winzer. Wir sind stolz auf unser breites Netzwerk von Erzeugern und die engen Freundschaften, die wir im Laufe der Jahre mit unseren Landwirten und&#8230;<\/p>\n","protected":false},"author":1,"featured_media":15839,"parent":0,"menu_order":0,"comment_status":"closed","ping_status":"closed","template":"","meta":{"_acf_changed":false,"om_disable_all_campaigns":false,"_monsterinsights_skip_tracking":false,"_monsterinsights_sitenote_active":false,"_monsterinsights_sitenote_note":"","_monsterinsights_sitenote_category":0,"footnotes":""},"class_list":["post-16751","page","type-page","status-publish","has-post-thumbnail","hentry"],"acf":[],"aioseo_notices":[],"_links":{"self":[{"href":"https:\/\/kistucsok.hu\/de\/wp-json\/wp\/v2\/pages\/16751"}],"collection":[{"href":"https:\/\/kistucsok.hu\/de\/wp-json\/wp\/v2\/pages"}],"about":[{"href":"https:\/\/kistucsok.hu\/de\/wp-json\/wp\/v2\/types\/page"}],"author":[{"embeddable":true,"href":"https:\/\/kistucsok.hu\/de\/wp-json\/wp\/v2\/users\/1"}],"replies":[{"embeddable":true,"href":"https:\/\/kistucsok.hu\/de\/wp-json\/wp\/v2\/comments?post=16751"}],"version-history":[{"count":2,"href":"https:\/\/kistucsok.hu\/de\/wp-json\/wp\/v2\/pages\/16751\/revisions"}],"predecessor-version":[{"id":16758,"href":"https:\/\/kistucsok.hu\/de\/wp-json\/wp\/v2\/pages\/16751\/revisions\/16758"}],"wp:featuredmedia":[{"embeddable":true,"href":"https:\/\/kistucsok.hu\/de\/wp-json\/wp\/v2\/media\/15839"}],"wp:attachment":[{"href":"https:\/\/kistucsok.hu\/de\/wp-json\/wp\/v2\/media?parent=16751"}],"curies":[{"name":"wp","href":"https:\/\/api.w.org\/{rel}","templated":true}]}}