{"id":16645,"date":"2022-03-22T10:23:10","date_gmt":"2022-03-22T09:23:10","guid":{"rendered":"https:\/\/kistucsok.hu\/?page_id=16645"},"modified":"2023-11-22T12:22:32","modified_gmt":"2023-11-22T11:22:32","slug":"familien-und-freundestreffen-private-veranstaltungen","status":"publish","type":"page","link":"https:\/\/kistucsok.hu\/de\/familien-und-freundestreffen-private-veranstaltungen\/","title":{"rendered":"Familien- und Freundestreffen, private Veranstaltungen"},"content":{"rendered":"<p>[vc_row][vc_column width=&#8220;1\/2&#8243;][vc_column_text]In unserem Restaurant treffen exzellente Gastronomie und hochwertige Weine in einer perfekten Umgebung aufeinander, um Ihre Familientreffen und geselligen Zusammenk\u00fcnfte unvergesslich zu machen. Wir haben uns schon lange dazu verpflichtet, lokale Besonderheiten sowohl in der K\u00fcche als auch bei den Weinen hervorzuheben. Wir bringen den Geschmack unserer Region zu unseren G\u00e4sten und bieten diese kulinarische Erfahrung in unseren einzigartigen Privatr\u00e4umen f\u00fcr Familien- und Freundesveranstaltungen sowie private Treffen an.<\/p>\n<p>Die exklusive und private Atmosph\u00e4re der Kist\u00fccs\u00f6k Food&amp;Room****-Privatr\u00e4ume erm\u00f6glicht es unseren G\u00e4sten, Familienveranstaltungen in vollen Z\u00fcgen zu genie\u00dfen, ohne st\u00f6rende Faktoren ber\u00fccksichtigen zu m\u00fcssen. Die gro\u00dfz\u00fcgigen Bereiche bieten Platz f\u00fcr kleine Familientreffen bis hin zu gr\u00f6\u00dferen Veranstaltungen, einschlie\u00dflich Hochzeiten, Jubil\u00e4en oder Geburtstagsfeiern. Bei der Gestaltung der R\u00e4ume haben wir den Komfort der G\u00e4ste und die Art der Veranstaltung ber\u00fccksichtigt, damit jeder den idealen Veranstaltungsort findet.[\/vc_column_text][\/vc_column][vc_column width=&#8220;1\/2&#8243;][vc_single_image image=&#8220;15931&#8243; img_size=&#8220;full&#8220;][\/vc_column][\/vc_row][vc_row][vc_column width=&#8220;1\/2&#8243;][vc_single_image image=&#8220;16630&#8243; img_size=&#8220;full&#8220;][\/vc_column][vc_column width=&#8220;1\/2&#8243;][vc_column_text]Unser Chef&#8217;s Room ist vollst\u00e4ndig abgetrennt und befindet sich auf einer anderen Etage, was G\u00e4sten, die sich f\u00fcr Gastronomie interessieren, ein besonderes Erlebnis bietet. Hier k\u00f6nnen sie live auf einem Bildschirm die kreative Arbeit des Kochs verfolgen, w\u00e4hrend wir unser beeindruckendes Degustationsmen\u00fc aus saisonalen und lokalen Zutaten zubereiten. Unser Sommelier-Kollege hilft auch gerne bei der Auswahl des richtigen Weins, um das Essen harmonisch zu erg\u00e4nzen und das kulinarische Erlebnis zu steigern.<\/p>\n<p>Die festliche Atmosph\u00e4re Ihrer Familien- oder Freundestreffen, privaten Veranstaltungen, kann durch unsere von unseren Konditoren hergestellten Kuchen, einen im Voraus abgestimmten Blumenstrau\u00df oder sogar ein Geschenkpaket von Kist\u00fccs\u00f6k Deli zus\u00e4tzlich bereichert werden. Indem Sie auf jedes Detail achten, k\u00f6nnen Sie Momente schaffen, die f\u00fcr immer unvergesslich bleiben.<\/p>\n<p>Wenn wir Ihr Interesse geweckt haben, kontaktieren Sie uns bitte mindestens 15 Tage vor der geplanten Veranstaltung. Auf diese Weise k\u00f6nnen wir die Veranstaltung gr\u00fcndlich planen, Ihre W\u00fcnsche ber\u00fccksichtigen und einen perfekten Service gew\u00e4hrleisten.[\/vc_column_text][\/vc_column][\/vc_row][vc_row][vc_column][vc_column_text]Wir freuen uns auf Ihre Anfrage, um mit unserem Expertenteam die perfekte Familienfeier oder gesellige Zusammenkunft zu planen und umzusetzen![\/vc_column_text][vc_btn title=&#8220;Angebotsanfrage&#8220; color=&#8220;chino&#8220; align=&#8220;center&#8220; link=&#8220;url:mailto%3Arecepcio%40kistucsok.hu&#8220;][vc_images_carousel images=&#8220;16632,16631,16630,16629,16628,16627,16626,15967,15954,15970&#8243; img_size=&#8220;full&#8220; slides_per_view=&#8220;4&#8243; hide_pagination_control=&#8220;yes&#8220;][\/vc_column][\/vc_row][vc_row][vc_column][vc_column_text]Die aktuellen Angebote unseres Chef&#8217;s Room finden Sie <a href=\"https:\/\/kistucsok.hu\/de\/chefs-raum\/\" target=\"_blank\" rel=\"noopener\">hier<\/a> durch Klicken, aber unsere saisonalen Angebote \u00e4ndern sich h\u00e4ufig.<\/p>\n<p>Folgen Sie uns auf unserer<a href=\"https:\/\/www.facebook.com\/Kistucsokfoodandroom\" target=\"_blank\" rel=\"noopener\"> Facebook-Seite<\/a> und auf <a href=\"https:\/\/www.instagram.com\/kistucsokfoodandroom\/\" target=\"_blank\" rel=\"noopener\">Instagram<\/a>![\/vc_column_text][\/vc_column][\/vc_row]<\/p>\n","protected":false},"excerpt":{"rendered":"<p>[vc_row][vc_column width=&#8220;1\/2&#8243;][vc_column_text]In unserem Restaurant treffen exzellente Gastronomie und hochwertige Weine in einer perfekten Umgebung aufeinander, um Ihre Familientreffen und geselligen Zusammenk\u00fcnfte unvergesslich zu machen. Wir haben uns schon lange dazu verpflichtet, lokale Besonderheiten sowohl in der K\u00fcche als auch bei den Weinen hervorzuheben. Wir bringen den Geschmack unserer Region zu unseren G\u00e4sten und bieten diese&#8230;<\/p>\n","protected":false},"author":9,"featured_media":0,"parent":0,"menu_order":0,"comment_status":"closed","ping_status":"closed","template":"","meta":{"_acf_changed":false,"om_disable_all_campaigns":false,"_monsterinsights_skip_tracking":false,"_monsterinsights_sitenote_active":false,"_monsterinsights_sitenote_note":"","_monsterinsights_sitenote_category":0,"footnotes":""},"class_list":["post-16645","page","type-page","status-publish","hentry"],"acf":[],"aioseo_notices":[],"_links":{"self":[{"href":"https:\/\/kistucsok.hu\/de\/wp-json\/wp\/v2\/pages\/16645"}],"collection":[{"href":"https:\/\/kistucsok.hu\/de\/wp-json\/wp\/v2\/pages"}],"about":[{"href":"https:\/\/kistucsok.hu\/de\/wp-json\/wp\/v2\/types\/page"}],"author":[{"embeddable":true,"href":"https:\/\/kistucsok.hu\/de\/wp-json\/wp\/v2\/users\/9"}],"replies":[{"embeddable":true,"href":"https:\/\/kistucsok.hu\/de\/wp-json\/wp\/v2\/comments?post=16645"}],"version-history":[{"count":3,"href":"https:\/\/kistucsok.hu\/de\/wp-json\/wp\/v2\/pages\/16645\/revisions"}],"predecessor-version":[{"id":16650,"href":"https:\/\/kistucsok.hu\/de\/wp-json\/wp\/v2\/pages\/16645\/revisions\/16650"}],"wp:attachment":[{"href":"https:\/\/kistucsok.hu\/de\/wp-json\/wp\/v2\/media?parent=16645"}],"curies":[{"name":"wp","href":"https:\/\/api.w.org\/{rel}","templated":true}]}}