{"id":15320,"date":"2021-07-12T11:47:59","date_gmt":"2021-07-12T09:47:59","guid":{"rendered":"https:\/\/kistucsok.hu\/?page_id=15320"},"modified":"2026-02-18T08:48:50","modified_gmt":"2026-02-18T07:48:50","slug":"raume","status":"publish","type":"page","link":"https:\/\/kistucsok.hu\/de\/raume\/","title":{"rendered":"R\u00e4ume"},"content":{"rendered":"<p>[vc_row][vc_column][vc_column_text]Ein alter Traum wurde wahr, als unsere Unterkunft endlich gebaut wurde. Wir wollten Ihren Aufenthalt bei uns noch sch\u00f6ner machen. Deshalb haben wir jetzt 14 Standard- und 4 Classic-Doppelzimmer, 1 Familienzimmer sowie Deluxe- und Superior-Suiten zum Entspannen und Erleben f\u00fcr Sie.<\/p>\n<p>Buchen Sie Ihren Aufenthalt mit nur wenigen Klicks auf unserer <a href=\"https:\/\/kistucsok.hu\/de\/zimmerreservierung\/\">Website<\/a>! Wenn Sie nicht online buchen m\u00f6chten oder Fragen haben, kontaktieren Sie uns bitte:<\/p>\n<p>Tel: <a href=\"tel:+36212003090\">+36 21 200 3090<\/a><br \/>\nEmail: <a href=\"mailto:recepcio@kistucsok.hu\">recepcio@kistucsok.hu<\/a>[\/vc_column_text][\/vc_column][\/vc_row][vc_row css=&#8220;.vc_custom_1627569159230{padding-top: 48px !important;padding-bottom: 64px !important;}&#8220;][vc_column width=&#8220;1\/2&#8243;]\n        <div class=\"rs-heading style8   \">\n        \t<div class=\"title-inner\">\n\t            \n\t            \n\t            <h2 class=\"title\">STANDARDZIMMER MIT TERRASSE ODER BALKON<\/h2>\n\t        <\/div><\/div>[vc_column_text]<\/p>\n<ul class=\"stylelisting\">\n<li>\n<div>25 m\u00b2<\/div>\n<\/li>\n<li>\n<div>F\u00fcr zwei Personen<\/div>\n<\/li>\n<li>\n<div>Flexibles Bett-Layout (Doppel- oder Twin-Bett)<\/div>\n<\/li>\n<li>\n<div>Queen-Size-Bett (160 cm)<\/div>\n<\/li>\n<\/ul>\n<p>[\/vc_column_text][vc_column_text]<\/p>\n<h4>Sauber &#8211; Ger\u00e4umig &#8211; Hell<\/h4>\n<p>[\/vc_column_text][vc_column_text]Unser Standardzimmer ist die perfekte Wahl f\u00fcr Paare und Gesch\u00e4ftsreisende und ist als Doppel- oder Zweibettzimmer verf\u00fcgbar. Es verf\u00fcgt \u00fcber ein Bad mit Dusche. Die vollst\u00e4ndige Ausstattung des Zimmers finden Sie unten auf der Seite. Unsere Standard-Terrassenzimmer im Erdgeschoss k\u00f6nnen auch mit Haustieren gebucht werden.[\/vc_column_text][vc_btn title=&#8220;Gehe zur Zimmerreservierung&#8220; color=&#8220;chino&#8220; link=&#8220;url:https%3A%2F%2Fkistucsok.hu%2Fde%2Fzimmerreservierung%2F&#8220;][\/vc_column][vc_column width=&#8220;1\/2&#8243;][vc_images_carousel images=&#8220;16407,16408,16406,16405,16409,16410,16411,16391,16393&#8243; img_size=&#8220;400&#215;400&#8243; hide_pagination_control=&#8220;yes&#8220;][\/vc_column][\/vc_row][vc_row css=&#8220;.vc_custom_1627569159230{padding-top: 48px !important;padding-bottom: 64px !important;}&#8220;][vc_column width=&#8220;1\/2&#8243;]\n        <div class=\"rs-heading style8   \">\n        \t<div class=\"title-inner\">\n\t            \n\t            \n\t            <h2 class=\"title\">FAMILIENZIMMER<\/h2>\n\t        <\/div><\/div>[vc_column_text]<\/p>\n<ul class=\"stylelisting\">\n<li>\n<div>35 m\u00b2<\/div>\n<\/li>\n<li>\n<div>F\u00fcr zwei Erwachsene und ein Kind (bis 12 Jahre)<\/div>\n<\/li>\n<li>\n<div>Flexibles Bett-Layout (Doppel- oder Twin-Bett)<\/div>\n<\/li>\n<li>\n<div>Queen-Size-Bett (160 cm)<\/div>\n<\/li>\n<li>\n<div>Zustellbett<\/div>\n<\/li>\n<li>\n<div>Badezimmer mit Dusche<\/div>\n<\/li>\n<\/ul>\n<p>[\/vc_column_text][vc_column_text]<\/p>\n<h4>Gem\u00fctlich &#8211; Stilvoll &#8211; Komfortabel<\/h4>\n<p>[\/vc_column_text][vc_column_text]Unser Familienzimmer mit Terrasse ist eine ausgezeichnete Wahl f\u00fcr G\u00e4ste mit kleinen Kindern, es verf\u00fcgt \u00fcber ein Doppelbad mit Dusche, die vollst\u00e4ndige Ausstattung des Zimmers finden Sie unten auf der Seite.[\/vc_column_text][vc_btn title=&#8220;Gehe zur Zimmerreservierung&#8220; color=&#8220;chino&#8220; link=&#8220;url:https%3A%2F%2Fkistucsok.hu%2Fde%2Fzimmerreservierung%2F&#8220;][\/vc_column][vc_column width=&#8220;1\/2&#8243;][vc_images_carousel images=&#8220;16413,16412,16436&#8243; img_size=&#8220;400&#215;400&#8243; hide_pagination_control=&#8220;yes&#8220;][\/vc_column][\/vc_row][vc_row css=&#8220;.vc_custom_1627569159230{padding-top: 48px !important;padding-bottom: 64px !important;}&#8220;][vc_column width=&#8220;1\/2&#8243;]\n        <div class=\"rs-heading style8   \">\n        \t<div class=\"title-inner\">\n\t            \n\t            \n\t            <h2 class=\"title\">DELUXE SUITE<\/h2>\n\t        <\/div><\/div>[vc_column_text]<\/p>\n<ul class=\"stylelisting\">\n<li>\n<div>75 m\u00b2<\/div>\n<\/li>\n<li>\n<div>Terrasse mit Poolblick, Wohnzimmer und zwei Schlafzimmer<\/div>\n<\/li>\n<li>\n<div>F\u00fcr vier Personen<\/div>\n<\/li>\n<li>\n<div>Flexibles Bett-Layout (Doppel- oder Twin-Betten)<\/div>\n<\/li>\n<li>\n<div>Queen-Size-Betten (160 cm)<\/div>\n<\/li>\n<li>\n<div>Badezimmer mit Dusche und Badewanne<\/div>\n<\/li>\n<\/ul>\n<p>[\/vc_column_text][vc_column_text]<\/p>\n<h4>Sch\u00f6ne Aussicht &#8211; Modern &#8211; Ger\u00e4umig<\/h4>\n<p>[\/vc_column_text][vc_column_text]Unsere Deluxe-Suite verf\u00fcgt \u00fcber einen herrlichen Blick auf den Pool, ein Schlafzimmer und ein Wohnzimmer mit einem Schlafbereich, ideal f\u00fcr Familien und Gruppen von Freunden. Sie bietet bequem Platz f\u00fcr vier Erwachsene oder zwei Erwachsene und zwei Kinder. Sie verf\u00fcgt \u00fcber ein eigenes Bad mit Dusche. Die vollst\u00e4ndige Ausstattung finden Sie unten auf der Seite.[\/vc_column_text][vc_btn title=&#8220;Gehe zur Zimmerreservierung&#8220; color=&#8220;chino&#8220; link=&#8220;url:https%3A%2F%2Fkistucsok.hu%2Fde%2Fzimmerreservierung%2F&#8220;][\/vc_column][vc_column width=&#8220;1\/2&#8243;][vc_images_carousel images=&#8220;16439,16441,16442,16443,16440,16444,16445,16446,16447,16448,16449&#8243; img_size=&#8220;400&#215;400&#8243; hide_pagination_control=&#8220;yes&#8220;][\/vc_column][\/vc_row][vc_row css=&#8220;.vc_custom_1627569159230{padding-top: 48px !important;padding-bottom: 64px !important;}&#8220;][vc_column width=&#8220;1\/2&#8243;]\n        <div class=\"rs-heading style8   \">\n        \t<div class=\"title-inner\">\n\t            \n\t            \n\t            <h2 class=\"title\">SUPERIOR SUITE<\/h2>\n\t        <\/div><\/div>[vc_column_text]<\/p>\n<ul class=\"stylelisting\">\n<li>\n<div>75 m\u00b2<\/div>\n<\/li>\n<li>\n<div>Mit Poolblick, Wohnzimmer und zwei Schlafzimmer<\/div>\n<\/li>\n<li>\n<div>F\u00fcr vier Personen<\/div>\n<\/li>\n<li>\n<div>Flexibles Bett-Layout (Doppel- oder Twin-Betten)<\/div>\n<\/li>\n<li>\n<div>Queen-Size-Betten (160 cm)<\/div>\n<\/li>\n<li>\n<div>Badezimmer mit Dusche und Badewanne<\/div>\n<\/li>\n<\/ul>\n<p>[\/vc_column_text][vc_column_text]<\/p>\n<h4>Exklusive Aussicht\u00a0&#8211; Modern &#8211; Ger\u00e4umig<\/h4>\n<p>[\/vc_column_text][vc_column_text]Unsere Superior Suite bietet einen herrlichen Blick auf den Pool, zwei separate Schlafzimmer und ist ideal f\u00fcr bis zu 4 Personen. Unsere Superior Suite im Erdgeschoss ist auch mit Haustieren verf\u00fcgbar![\/vc_column_text][vc_btn title=&#8220;Gehe zur Zimmerreservierung&#8220; color=&#8220;chino&#8220; link=&#8220;url:https%3A%2F%2Fkistucsok.hu%2Fde%2Fzimmerreservierung%2F&#8220;][\/vc_column][vc_column width=&#8220;1\/2&#8243;][vc_images_carousel images=&#8220;16457,16461,16460,16459,16458,16465,16464,16463,16462,16466,16467&#8243; img_size=&#8220;400&#215;400&#8243; hide_pagination_control=&#8220;yes&#8220;][\/vc_column][\/vc_row][vc_row css=&#8220;.vc_custom_1627569159230{padding-top: 48px !important;padding-bottom: 64px !important;}&#8220;][vc_column width=&#8220;1\/2&#8243;]\n        <div class=\"rs-heading style8   \">\n        \t<div class=\"title-inner\">\n\t            \n\t            \n\t            <h2 class=\"title\">CLASSIC DOPPELZIMMER<\/h2>\n\t        <\/div><\/div>[vc_column_text]<\/p>\n<ul class=\"stylelisting\">\n<li>\n<div>25 m\u00b2<\/div>\n<\/li>\n<li>\n<div>F\u00fcr zwei Personen<\/div>\n<\/li>\n<li>\n<div>Flexibles Bett-Layout (Doppel- oder Twin-Bett)<\/div>\n<\/li>\n<li>\n<div>Queen-Size-Bett (160 cm)<\/div>\n<\/li>\n<li>\n<div>Im Dachgeschoss gelegen<\/div>\n<\/li>\n<\/ul>\n<p>[\/vc_column_text][vc_column_text]<\/p>\n<h4>Dachgeschoss &#8211; Praktisch &#8211; Stilvoll<\/h4>\n<p>[\/vc_column_text][vc_column_text]Unser Loft-Doppelzimmer ist die perfekte Wahl f\u00fcr Paare und Gesch\u00e4ftsreisende und ist als Doppel- oder Zweibettzimmer verf\u00fcgbar. Es verf\u00fcgt \u00fcber ein eigenes Bad mit Dusche. Die vollst\u00e4ndige Ausstattung des Zimmers finden Sie unten auf der Seite.[\/vc_column_text][vc_btn title=&#8220;Gehe zur Zimmerreservierung&#8220; color=&#8220;chino&#8220; link=&#8220;url:https%3A%2F%2Fkistucsok.hu%2Fde%2Fzimmerreservierung%2F&#8220;][\/vc_column][vc_column width=&#8220;1\/2&#8243;][vc_images_carousel images=&#8220;16429,16430,16435&#8243; img_size=&#8220;400&#215;400&#8243; hide_pagination_control=&#8220;yes&#8220;][\/vc_column][\/vc_row][vc_row css=&#8220;.vc_custom_1626083877064{padding-bottom: 64px !important;}&#8220;][vc_column]\n        <div class=\"rs-heading style8   \">\n        \t<div class=\"title-inner\">\n\t            \n\t            \n\t            <h2 class=\"title\">Unsere Zimmer sind ausgestattet mit:<\/h2>\n\t        <\/div><\/div>[vc_column_text]<\/p>\n<ul class=\"stylelisting\">\n<li>\n<ul>\n<li>Minibar<\/li>\n<li>K\u00fchlschrank<\/li>\n<li>Smart TV\u00a0mit\u00a0Satellitensendungen<\/li>\n<li>kostenloses\u00a0WIFI<\/li>\n<li>Zimmersafe<\/li>\n<li>15 Zimmer\u00a0mit Terasse<\/li>\n<li>bequemer\u00a0Schreibtisch<\/li>\n<li>Kofferhalter<\/li>\n<li>zentral\u00a0gesteuerte\u00a0Lufttechnik\u00a0f\u00fcr\u00a0ausgeglichene, angenehme\u00a0Temperatur<\/li>\n<li>30 cm\u00a0hohe\u00a0Schlafmatratzen, die einen\u00a0hohen\u00a0Schlafkomfort\u00a0sichern<\/li>\n<\/ul>\n<\/li>\n<\/ul>\n<p>[\/vc_column_text][\/vc_column][\/vc_row][vc_row][vc_column][vc_btn title=&#8220;Gehe zur Zimmerreservierung&#8220; shape=&#8220;round&#8220; color=&#8220;chino&#8220; link=&#8220;url:https%3A%2F%2Fkistucsok.hu%2Fde%2Fzimmerreservierung%2F&#8220;][\/vc_column][\/vc_row]<\/p>\n","protected":false},"excerpt":{"rendered":"<p>[vc_row][vc_column][vc_column_text]Ein alter Traum wurde wahr, als unsere Unterkunft endlich gebaut wurde. Wir wollten Ihren Aufenthalt bei uns noch sch\u00f6ner machen. Deshalb haben wir jetzt 14 Standard- und 4 Classic-Doppelzimmer, 1 Familienzimmer sowie Deluxe- und Superior-Suiten zum Entspannen und Erleben f\u00fcr Sie. Buchen Sie Ihren Aufenthalt mit nur wenigen Klicks auf unserer Website! Wenn Sie nicht&#8230;<\/p>\n","protected":false},"author":8,"featured_media":0,"parent":0,"menu_order":0,"comment_status":"closed","ping_status":"closed","template":"","meta":{"_acf_changed":false,"om_disable_all_campaigns":false,"_monsterinsights_skip_tracking":false,"_monsterinsights_sitenote_active":false,"_monsterinsights_sitenote_note":"","_monsterinsights_sitenote_category":0,"footnotes":""},"class_list":["post-15320","page","type-page","status-publish","hentry"],"acf":[],"aioseo_notices":[],"_links":{"self":[{"href":"https:\/\/kistucsok.hu\/de\/wp-json\/wp\/v2\/pages\/15320"}],"collection":[{"href":"https:\/\/kistucsok.hu\/de\/wp-json\/wp\/v2\/pages"}],"about":[{"href":"https:\/\/kistucsok.hu\/de\/wp-json\/wp\/v2\/types\/page"}],"author":[{"embeddable":true,"href":"https:\/\/kistucsok.hu\/de\/wp-json\/wp\/v2\/users\/8"}],"replies":[{"embeddable":true,"href":"https:\/\/kistucsok.hu\/de\/wp-json\/wp\/v2\/comments?post=15320"}],"version-history":[{"count":15,"href":"https:\/\/kistucsok.hu\/de\/wp-json\/wp\/v2\/pages\/15320\/revisions"}],"predecessor-version":[{"id":18776,"href":"https:\/\/kistucsok.hu\/de\/wp-json\/wp\/v2\/pages\/15320\/revisions\/18776"}],"wp:attachment":[{"href":"https:\/\/kistucsok.hu\/de\/wp-json\/wp\/v2\/media?parent=15320"}],"curies":[{"name":"wp","href":"https:\/\/api.w.org\/{rel}","templated":true}]}}