{"id":15315,"date":"2021-07-21T12:39:51","date_gmt":"2021-07-21T10:39:51","guid":{"rendered":"https:\/\/kistucsok.hu\/?page_id=15315"},"modified":"2026-02-18T08:47:13","modified_gmt":"2026-02-18T07:47:13","slug":"unterkunft","status":"publish","type":"page","link":"https:\/\/kistucsok.hu\/de\/unterkunft\/","title":{"rendered":"Hotel"},"content":{"rendered":"<p>[vc_row][vc_column][vc_column_text]Unser Traum wurde wahr, als wir unsere Hotel er\u00f6ffneten, denn wir wollten Ihnen nicht nur die einzigartigen Aromen und die Atmosph\u00e4re von Kist\u00fccs\u00f6k in unserem Restaurant bieten, sondern auch ein komplettes gastronomisches Erlebnis, das Sie mehrere Tage lang genie\u00dfen k\u00f6nnen. 2021 k\u00f6nnen wir Sie nicht nur an unseren Tischen, sondern auch im Komfort unserer Zimmer empfangen.[\/vc_column_text][vc_btn title=&#8220;Gehe zur Zimmerreservierung&#8220; style=&#8220;flat&#8220; shape=&#8220;round&#8220; color=&#8220;inverse&#8220; size=&#8220;lg&#8220; align=&#8220;left&#8220; link=&#8220;url:https%3A%2F%2Fkistucsok.hu%2Fde%2Fzimmerreservierung%2F&#8220;][\/vc_column][\/vc_row][vc_row][vc_column width=&#8220;1\/2&#8243;][vc_hoverbox image=&#8220;16463&#8243; primary_title=&#8220;&#8220; hover_title=&#8220;Kist\u00fccs\u00f6k &amp; Food Room&#8220;]Unsere Unterkunft erwartet diejenigen, die sich am S\u00fcdufer des Plattensees entspannen m\u00f6chten, mit 19 modernen Zimmern und 2 eleganten Suiten. F\u00fcr etwas ganz Besonderes entdecken Sie unser \u201eChef&#8217;s Room\u201c &#8211; ein privates Esserlebnis mit einer spektakul\u00e4ren K\u00fcche, in der unser Chefkoch pers\u00f6nlich Ihre Mahlzeiten zubereitet.<\/p>\n<p style=\"text-align: center;\"><a href=\"https:\/\/kistucsok.hu\/wp-content\/uploads\/2024\/11\/2.png\"><img loading=\"lazy\" decoding=\"async\" class=\"alignnone size-full wp-image-17081\" src=\"https:\/\/kistucsok.hu\/wp-content\/uploads\/2024\/11\/2.png\" alt=\"\" width=\"300\" height=\"200\" \/><\/a><\/p>\n<p>[\/vc_hoverbox][vc_hoverbox image=&#8220;17090&#8243; primary_title=&#8220;&#8220; hover_title=&#8220;Deli&#8220;]In unserem Feinkostladen finden Sie unsere saisonalen, handwerklichen Produkte. Ob Marmelade, Sirup oder andere Spezialit\u00e4ten, alles erinnert an das heimelige Crunchy-Erlebnis, das Sie bei sich zu Hause genie\u00dfen k\u00f6nnen, oder eignet sich perfekt als Geschenk!<\/p>\n<p style=\"text-align: center;\"><a href=\"https:\/\/kistucsok.hu\/wp-content\/uploads\/2024\/11\/3.jpg\"><img loading=\"lazy\" decoding=\"async\" class=\"alignnone size-full wp-image-17086\" src=\"https:\/\/kistucsok.hu\/wp-content\/uploads\/2024\/11\/3.jpg\" alt=\"\" width=\"300\" height=\"200\" \/><\/a><\/p>\n<p>[\/vc_hoverbox][\/vc_column][vc_column width=&#8220;1\/2&#8243;][vc_hoverbox image=&#8220;17077&#8243; primary_title=&#8220;&#8220; hover_title=&#8220;Fr\u00fchst\u00fcck mit lokalen Zutaten&#8220;]Beginnen Sie Ihren Tag mit einem herzhaften Fr\u00fchst\u00fcck, das mit frischen Zutaten von lokalen Erzeugern zubereitet wird. Neben dem kalten Fr\u00fchst\u00fcck bieten wir auch Eierspeisen, French Toast und viele andere K\u00f6stlichkeiten an. Probieren Sie unsere hausgemachten Marmeladen, frisch gebackenes Geb\u00e4ck und eine Auswahl an Spezialit\u00e4ten!<\/p>\n<p style=\"text-align: center;\"><a href=\"https:\/\/kistucsok.hu\/wp-content\/uploads\/2024\/11\/1.png\"><img loading=\"lazy\" decoding=\"async\" class=\"alignnone size-full wp-image-17080\" src=\"https:\/\/kistucsok.hu\/wp-content\/uploads\/2024\/11\/1.png\" alt=\"\" width=\"300\" height=\"200\" \/><\/a><\/p>\n<p>[\/vc_hoverbox][vc_hoverbox image=&#8220;17089&#8243; primary_title=&#8220;&#8220; hover_title=&#8220;Veranstaltungen&#8220;]In unserer Unterkunft k\u00f6nnen sowohl gesch\u00e4ftliche als auch private Veranstaltungen abgehalten werden. Sie k\u00f6nnen unseren Konferenzraum f\u00fcr Firmenveranstaltungen und Meetings und unseren Chef&#8217;s Room f\u00fcr Gesch\u00e4fts- und Privatessen buchen.<\/p>\n<p style=\"text-align: center;\"><a href=\"https:\/\/kistucsok.hu\/wp-content\/uploads\/2024\/11\/4.jpg\"><img loading=\"lazy\" decoding=\"async\" class=\"alignnone size-full wp-image-17087\" src=\"https:\/\/kistucsok.hu\/wp-content\/uploads\/2024\/11\/4.jpg\" alt=\"\" width=\"300\" height=\"200\" \/><\/a><\/p>\n<p>[\/vc_hoverbox][\/vc_column][\/vc_row][vc_row][vc_column][vc_empty_space][vc_column_text]Bleiben Sie bei uns und genie\u00dfen Sie die Aromen und die Atmosph\u00e4re von Kist\u00fccs\u00f6k nicht nur f\u00fcr eine Mahlzeit, sondern f\u00fcr ein ganzes Wochenende!<\/p>\n<p>Wir freuen uns auf Sie alle!<\/p>\n<p>+36 21 200 3090<br \/>\nrecepcio@kistucsok.hu<\/p>\n<p>&nbsp;<\/p>\n<p>NTDSC No.: SZ25115880[\/vc_column_text][\/vc_column][\/vc_row]<\/p>\n","protected":false},"excerpt":{"rendered":"<p>[vc_row][vc_column][vc_column_text]Unser Traum wurde wahr, als wir unsere Hotel er\u00f6ffneten, denn wir wollten Ihnen nicht nur die einzigartigen Aromen und die Atmosph\u00e4re von Kist\u00fccs\u00f6k in unserem Restaurant bieten, sondern auch ein komplettes gastronomisches Erlebnis, das Sie mehrere Tage lang genie\u00dfen k\u00f6nnen. 2021 k\u00f6nnen wir Sie nicht nur an unseren Tischen, sondern auch im Komfort unserer Zimmer&#8230;<\/p>\n","protected":false},"author":8,"featured_media":0,"parent":0,"menu_order":0,"comment_status":"closed","ping_status":"closed","template":"","meta":{"_acf_changed":false,"om_disable_all_campaigns":false,"_monsterinsights_skip_tracking":false,"_monsterinsights_sitenote_active":false,"_monsterinsights_sitenote_note":"","_monsterinsights_sitenote_category":0,"footnotes":""},"class_list":["post-15315","page","type-page","status-publish","hentry"],"acf":[],"aioseo_notices":[],"_links":{"self":[{"href":"https:\/\/kistucsok.hu\/de\/wp-json\/wp\/v2\/pages\/15315"}],"collection":[{"href":"https:\/\/kistucsok.hu\/de\/wp-json\/wp\/v2\/pages"}],"about":[{"href":"https:\/\/kistucsok.hu\/de\/wp-json\/wp\/v2\/types\/page"}],"author":[{"embeddable":true,"href":"https:\/\/kistucsok.hu\/de\/wp-json\/wp\/v2\/users\/8"}],"replies":[{"embeddable":true,"href":"https:\/\/kistucsok.hu\/de\/wp-json\/wp\/v2\/comments?post=15315"}],"version-history":[{"count":9,"href":"https:\/\/kistucsok.hu\/de\/wp-json\/wp\/v2\/pages\/15315\/revisions"}],"predecessor-version":[{"id":18774,"href":"https:\/\/kistucsok.hu\/de\/wp-json\/wp\/v2\/pages\/15315\/revisions\/18774"}],"wp:attachment":[{"href":"https:\/\/kistucsok.hu\/de\/wp-json\/wp\/v2\/media?parent=15315"}],"curies":[{"name":"wp","href":"https:\/\/api.w.org\/{rel}","templated":true}]}}