{"id":15296,"date":"2021-07-12T13:00:07","date_gmt":"2021-07-12T11:00:07","guid":{"rendered":"https:\/\/kistucsok.hu\/?page_id=15296"},"modified":"2023-11-14T16:52:17","modified_gmt":"2023-11-14T15:52:17","slug":"veranstaltungen","status":"publish","type":"page","link":"https:\/\/kistucsok.hu\/de\/veranstaltungen\/","title":{"rendered":"Firmenveranstaltung"},"content":{"rendered":"<p>[vc_row][vc_column][vc_column_text]<\/p>\n<div>Suchen Sie einen Veranstaltungsort f\u00fcr Ihre Firmenveranstaltung, wo nach dem professionellen Programm eine Vielzahl von Aktivit\u00e4ten zur Verf\u00fcgung stehen? Herzlich willkommen im Kist\u00fccs\u00f6k Food &amp; Room!<\/div>\n<div><\/div>\n<div>Mit unserem gut ausgestatteten 43 m2 gro\u00dfen Konferenzraum und den vor Ort sowie in der Umgebung verf\u00fcgbaren Aktivit\u00e4ten ist das Kist\u00fccs\u00f6k Food &amp; Room**** der ideale Veranstaltungsort f\u00fcr kleinere und mittelgro\u00dfe Schulungen, Meetings und Firmen-Teambuilding-Events.<\/div>\n<p>[\/vc_column_text][\/vc_column][\/vc_row][vc_row][vc_column width=&#8220;1\/4&#8243;][vc_single_image image=&#8220;16554&#8243; img_size=&#8220;large&#8220; alignment=&#8220;center&#8220;][\/vc_column][vc_column width=&#8220;1\/4&#8243;][vc_single_image image=&#8220;16537&#8243; img_size=&#8220;large&#8220; alignment=&#8220;center&#8220;][\/vc_column][vc_column width=&#8220;1\/4&#8243;][vc_single_image image=&#8220;16537&#8243; img_size=&#8220;large&#8220; alignment=&#8220;center&#8220;][\/vc_column][vc_column width=&#8220;1\/4&#8243;][vc_single_image image=&#8220;16543&#8243; img_size=&#8220;large&#8220; alignment=&#8220;center&#8220;][\/vc_column][\/vc_row][vc_row css=&#8220;.vc_custom_1626087960138{padding-top: 32px !important;}&#8220;][vc_column][vc_btn title=&#8220;Angebotsanfrage&#8220; color=&#8220;chino&#8220; align=&#8220;center&#8220; link=&#8220;url:mailto%3Arecepcio%40kistucsok.hu&#8220;]\n        <div class=\"rs-heading style8   \">\n        \t<div class=\"title-inner\">\n\t            \n\t            \n\t            <h2 class=\"title\">Vertrauen Sie uns Ihre Firmenveranstaltung an!<\/h2>\n\t        <\/div><\/div>[vc_column_text]Als F\u00fchrungskraft wissen Sie sicherlich, wie sehr die Auswahl des richtigen Veranstaltungsortes den Erfolg einer Veranstaltung beeinflussen kann. Unsere Unterkunft ist nicht nur ein Ort, sondern ein Erlebnis, wo der Charme des Balaton auf modernen Komfort trifft. Wir freuen uns darauf, Ihre n\u00e4chste Firmenveranstaltung auszurichten, um gemeinsam eine unvergessliche und erfolgreiche Veranstaltung zu schaffen.[\/vc_column_text]\n        <div class=\"rs-heading style8   \">\n        \t<div class=\"title-inner\">\n\t            \n\t            \n\t            <h2 class=\"title\">Was wir bieten<\/h2>\n\t        <\/div><\/div>[vc_column_text]<\/p>\n<div>\n<ul class=\"MailOutline\">\n<li>43 m2 klimatisierter, abdunkelbarer Raum<\/li>\n<li>M\u00f6gliche Anordnungen: Klassenzimmer, U-Form, Bankett<\/li>\n<li>Kapazit\u00e4t: Klassenzimmer: 25 Personen; U-Form: 20 Personen; Bankett: 25 Personen<\/li>\n<li>Interaktive Pr\u00e4sentationstafel mit einem Durchmesser von 200 cm, Flipchart, Internetanschluss (Wi-Fi), Papier, Stift.<\/li>\n<li>Ma\u00dfgeschneiderte Pausenangebote mit Produkten von lokalen Erzeugern: s\u00fc\u00dfe und herzhafte Geb\u00e4cke, Sandwiches, Fr\u00fcchte, Erfrischungen, Kaffee, Wasser, etc.<\/li>\n<li>Unterkunftsm\u00f6glichkeiten<\/li>\n<li>Zugang zum Garten<\/li>\n<li>Hilfsbereites und flexibles Personal<\/li>\n<\/ul>\n<\/div>\n<p>[\/vc_column_text][vc_column_text]<\/p>\n<div>Unser Expertenteam steht zur Verf\u00fcgung, um Organisatoren bei der Sicherstellung zu unterst\u00fctzen, dass jedes Detail der Veranstaltung genau so verl\u00e4uft, wie es sich vorgestellt wurde.<\/div>\n<div><\/div>\n<div>Wir k\u00f6nnen auch Catering f\u00fcr Veranstaltungen nach Ihren W\u00fcnschen bereitstellen und verschiedene Pakete anbieten, die s\u00fc\u00dfe und herzhafte Geb\u00e4cke, frische Sandwiches, Kaffee, kohlens\u00e4urehaltige Getr\u00e4nke, Fruchts\u00e4fte und Wasser enthalten, um sicherzustellen, dass die Teilnehmer k\u00f6rperlich und mental gut auf die Schulungen vorbereitet sind.<\/div>\n<div><\/div>\n<div>Ob Klassenzimmeraufstellung, U-Form oder Bankettanordnung, hier findet jeder die ideale Sitzanordnung.<\/div>\n<p>[\/vc_column_text][vc_column_text]<\/p>\n<h4>Nach dem Ende des professionellen Programms ist Zeit f\u00fcr Unterhaltung!<\/h4>\n<p>[\/vc_column_text]\n        <div class=\"rs-heading style8   \">\n        \t<div class=\"title-inner\">\n\t            \n\t            \n\t            <h2 class=\"title\">Herausgestellte zusatzprogramm-optionen<\/h2>\n\t        <\/div><\/div>[vc_column_text]<\/p>\n<ul class=\"MailOutline\">\n<li>&#8222;Gastronomische Ausfl\u00fcge&#8220;\n<ul class=\"MailOutline\">\n<li>Erkundungen in die Welt der Gastronomie durch thematische Men\u00fcs<\/li>\n<li>Weinverkostungen<\/li>\n<li>Kochvorf\u00fchrungen<\/li>\n<li>Kochkurse, Pr\u00e4sentationen<\/li>\n<\/ul>\n<\/li>\n<li>Fahrradtouren<\/li>\n<li>Sauna, Sommerpool und Jacuzzi<\/li>\n<li>Besuche kultureller Sehensw\u00fcrdigkeiten und Veranstaltungen rund um den Balaton<\/li>\n<li>Besuche von Weinkellern, Kennenlernen lokaler Lebensmittelproduktionswerkst\u00e4tten<\/li>\n<\/ul>\n<p>[\/vc_column_text][vc_btn title=&#8220;Angebotsanfrage&#8220; color=&#8220;chino&#8220; align=&#8220;center&#8220; link=&#8220;url:mailto%3Arecepcio%40kistucsok.hu&#8220;][\/vc_column][\/vc_row]<\/p>\n","protected":false},"excerpt":{"rendered":"<p>[vc_row][vc_column][vc_column_text] Suchen Sie einen Veranstaltungsort f\u00fcr Ihre Firmenveranstaltung, wo nach dem professionellen Programm eine Vielzahl von Aktivit\u00e4ten zur Verf\u00fcgung stehen? Herzlich willkommen im Kist\u00fccs\u00f6k Food &amp; Room! Mit unserem gut ausgestatteten 43 m2 gro\u00dfen Konferenzraum und den vor Ort sowie in der Umgebung verf\u00fcgbaren Aktivit\u00e4ten ist das Kist\u00fccs\u00f6k Food &amp; Room**** der ideale Veranstaltungsort f\u00fcr&#8230;<\/p>\n","protected":false},"author":8,"featured_media":0,"parent":0,"menu_order":0,"comment_status":"closed","ping_status":"closed","template":"","meta":{"_acf_changed":false,"om_disable_all_campaigns":false,"_monsterinsights_skip_tracking":false,"_monsterinsights_sitenote_active":false,"_monsterinsights_sitenote_note":"","_monsterinsights_sitenote_category":0,"footnotes":""},"class_list":["post-15296","page","type-page","status-publish","hentry"],"acf":[],"aioseo_notices":[],"_links":{"self":[{"href":"https:\/\/kistucsok.hu\/de\/wp-json\/wp\/v2\/pages\/15296"}],"collection":[{"href":"https:\/\/kistucsok.hu\/de\/wp-json\/wp\/v2\/pages"}],"about":[{"href":"https:\/\/kistucsok.hu\/de\/wp-json\/wp\/v2\/types\/page"}],"author":[{"embeddable":true,"href":"https:\/\/kistucsok.hu\/de\/wp-json\/wp\/v2\/users\/8"}],"replies":[{"embeddable":true,"href":"https:\/\/kistucsok.hu\/de\/wp-json\/wp\/v2\/comments?post=15296"}],"version-history":[{"count":4,"href":"https:\/\/kistucsok.hu\/de\/wp-json\/wp\/v2\/pages\/15296\/revisions"}],"predecessor-version":[{"id":16567,"href":"https:\/\/kistucsok.hu\/de\/wp-json\/wp\/v2\/pages\/15296\/revisions\/16567"}],"wp:attachment":[{"href":"https:\/\/kistucsok.hu\/de\/wp-json\/wp\/v2\/media?parent=15296"}],"curies":[{"name":"wp","href":"https:\/\/api.w.org\/{rel}","templated":true}]}}