{"id":15287,"date":"2021-07-12T12:56:34","date_gmt":"2021-07-12T10:56:34","guid":{"rendered":"https:\/\/kistucsok.hu\/?page_id=15287"},"modified":"2023-11-14T17:53:08","modified_gmt":"2023-11-14T16:53:08","slug":"entspannung","status":"publish","type":"page","link":"https:\/\/kistucsok.hu\/de\/entspannung\/","title":{"rendered":"Entspannung"},"content":{"rendered":"<p>[vc_row][vc_column width=&#8220;1\/2&#8243;][vc_column_text]Egal ob Sie aktive oder passive Entspannung brauchen, bei uns finden Sie das passende Angebot f\u00fcr Ihr Bed\u00fcrfnis. Sie f\u00fchlen Sich voll von Energie nach einem reichen Fr\u00fchst\u00fcck aus lokalen Zutaten? Dann mieten Sie bei uns ein Fahrrad und entdecken Sie die Umgebung, besuchen Sie die Feste vor Ort, oder probieren Sie Wein bei den lokalen Weing\u00fctern vom Plattensee! Wenn Sie den Tag lieber in Ruhe verbringen m\u00f6chten, k\u00f6nnen Sie auch bei uns vor Ort bleiben: Sie k\u00f6nnen sich an unserem Aussenpool und in der Sauna erholen oder sich in unserem Fitnessraum sportlich bet\u00e4tigen. Wie auch immer Sie sich entscheiden, die gastronomischen Abend- oder Nachmittagsveranstaltungen, die unsere G\u00e4ste geniessen, sind ein grossartiger Abschluss der bei uns verbrachten Tage.[\/vc_column_text][\/vc_column][vc_column width=&#8220;1\/2&#8243;][vc_single_image image=&#8220;16575&#8243; img_size=&#8220;large&#8220; alignment=&#8220;center&#8220;][\/vc_column][\/vc_row][vc_row][vc_column][vc_images_carousel images=&#8220;15991,16600,16592,16597,16596,15993,16598,15992,16595,16593,16594,16591,16590,16599&#8243; img_size=&#8220;full&#8220; slides_per_view=&#8220;4&#8243; hide_pagination_control=&#8220;yes&#8220;][\/vc_column][\/vc_row]<\/p>\n","protected":false},"excerpt":{"rendered":"<p>[vc_row][vc_column width=&#8220;1\/2&#8243;][vc_column_text]Egal ob Sie aktive oder passive Entspannung brauchen, bei uns finden Sie das passende Angebot f\u00fcr Ihr Bed\u00fcrfnis. Sie f\u00fchlen Sich voll von Energie nach einem reichen Fr\u00fchst\u00fcck aus lokalen Zutaten? Dann mieten Sie bei uns ein Fahrrad und entdecken Sie die Umgebung, besuchen Sie die Feste vor Ort, oder probieren Sie Wein bei&#8230;<\/p>\n","protected":false},"author":8,"featured_media":0,"parent":0,"menu_order":0,"comment_status":"closed","ping_status":"closed","template":"","meta":{"_acf_changed":false,"om_disable_all_campaigns":false,"_monsterinsights_skip_tracking":false,"_monsterinsights_sitenote_active":false,"_monsterinsights_sitenote_note":"","_monsterinsights_sitenote_category":0,"footnotes":""},"class_list":["post-15287","page","type-page","status-publish","hentry"],"acf":[],"aioseo_notices":[],"_links":{"self":[{"href":"https:\/\/kistucsok.hu\/de\/wp-json\/wp\/v2\/pages\/15287"}],"collection":[{"href":"https:\/\/kistucsok.hu\/de\/wp-json\/wp\/v2\/pages"}],"about":[{"href":"https:\/\/kistucsok.hu\/de\/wp-json\/wp\/v2\/types\/page"}],"author":[{"embeddable":true,"href":"https:\/\/kistucsok.hu\/de\/wp-json\/wp\/v2\/users\/8"}],"replies":[{"embeddable":true,"href":"https:\/\/kistucsok.hu\/de\/wp-json\/wp\/v2\/comments?post=15287"}],"version-history":[{"count":4,"href":"https:\/\/kistucsok.hu\/de\/wp-json\/wp\/v2\/pages\/15287\/revisions"}],"predecessor-version":[{"id":16610,"href":"https:\/\/kistucsok.hu\/de\/wp-json\/wp\/v2\/pages\/15287\/revisions\/16610"}],"wp:attachment":[{"href":"https:\/\/kistucsok.hu\/de\/wp-json\/wp\/v2\/media?parent=15287"}],"curies":[{"name":"wp","href":"https:\/\/api.w.org\/{rel}","templated":true}]}}