{"id":15283,"date":"2021-07-12T11:07:28","date_gmt":"2021-07-12T09:07:28","guid":{"rendered":"https:\/\/kistucsok.hu\/?page_id=15283"},"modified":"2026-01-02T13:24:11","modified_gmt":"2026-01-02T12:24:11","slug":"chefs-raum","status":"publish","type":"page","link":"https:\/\/kistucsok.hu\/de\/chefs-raum\/","title":{"rendered":"Chef\u2019s Raum"},"content":{"rendered":"<p>[vc_row][vc_column width=&#8220;1\/2&#8243;][vc_column_text]<\/p>\n<h1>\u00dcber unser Chef&#8217;s Raum<\/h1>\n<p>[\/vc_column_text][vc_column_text]Der Chef\u2019s Raum ist ein wirklich erlebnisreicher Raum f\u00fcr maximum 24 Personen, in dem in einer Showk\u00fcche die saisonalen Men\u00fcs zubereitet werden. W\u00e4hrend die Speisen zubereitet werden, k\u00f6nnen sich die G\u00e4ste nach Lust und Laune mit unseren K\u00f6chen \u00fcber die Zutaten, die Zubereitung der Speisen, deren Harmonie mit den Weinen \u2013 kurz: \u00fcber die Sch\u00f6nheit der Gastronomie austauschen.[\/vc_column_text][\/vc_column][vc_column width=&#8220;1\/2&#8243;][vc_single_image image=&#8220;16294&#8243; img_size=&#8220;large&#8220; alignment=&#8220;center&#8220; onclick=&#8220;link_image&#8220;][\/vc_column][vc_column][vc_column_text]<\/p>\n<h1 style=\"text-align: center;\">Men\u00fcs<\/h1>\n<p>[\/vc_column_text][\/vc_column][\/vc_row][vc_row][vc_column width=&#8220;1\/2&#8243;][vc_column_text]<\/p>\n<p style=\"text-align: center;\"><strong>Fleisch<\/strong><\/p>\n<p style=\"text-align: center;\" data-path-to-node=\"10,0,0\">Coming soon&#8230;<\/p>\n<p>[\/vc_column_text][\/vc_column][vc_column width=&#8220;1\/2&#8243;][vc_column_text]<\/p>\n<p style=\"text-align: center;\"><strong>Vegan<\/strong><\/p>\n<p style=\"text-align: center;\" data-path-to-node=\"4,0,0\">Coming soon&#8230;<\/p>\n<p>[\/vc_column_text][\/vc_column][\/vc_row][vc_row][vc_column][vc_column_text]<\/p>\n<p style=\"text-align: center;\"><strong>Preis f\u00fcr die Men\u00fcs betr\u00e4gt 22.900 Forint\/Person (+ 14 % Servicegeb\u00fchr).<\/strong><\/p>\n<p style=\"text-align: center;\"><strong>Weinbegleitung: 9.500 Forint\/Person (+ 14 % Servicegeb\u00fchr).<\/strong><\/p>\n<p>[\/vc_column_text][vc_btn title=&#8220;Reservierung&#8220; color=&#8220;chino&#8220; size=&#8220;lg&#8220; align=&#8220;center&#8220; link=&#8220;url:https%3A%2F%2Freservours.com%2Fkistucsoksefszoba%2Ftablereservation%3Fs%3Dwebsite|target:_blank&#8220;][vc_column_text]Die Speisekarte des Chef&#8217;s Room variiert je nach den lokal und saisonal verf\u00fcgbaren Zutaten.<\/p>\n<p style=\"text-align: center;\">\u00d6ffnungszeiten:<\/p>\n<p style=\"text-align: center;\">Freitag &#8211; Samstag<\/p>\n<p style=\"text-align: center;\">19:00 &#8211; 23:00<\/p>\n<p>An den anderen Wochentagen nach vorheriger Anmeldung und je nach Verf\u00fcgbarkeit ge\u00f6ffnet.<\/p>\n<p>F\u00fcr das Essen im Chef&#8217;s Room ist eine Reservierung erforderlich. Bitte reservieren Sie mindestens 24 Stunden vor Ihrer geplanten Ankunft per <a href=\"mailto:info@kistucsok.hu\">E-Mail<\/a> oder per Telefon unter (+36) 84 360 133.[\/vc_column_text][vc_separator color=&#8220;chino&#8220;][\/vc_column][\/vc_row][vc_row][vc_column width=&#8220;2\/3&#8243;][vc_column_text]<\/p>\n<h3>Mahlzeiten mit einem Kind<\/h3>\n<p>Wir bieten ein feines Degustationserlebnis im Zimmer des K\u00fcchenchefs an. Es ist daher nicht ratsam, mit Kindern unter 14 Jahren oder Babys zu bleiben, da das Abendessen bis zu zwei oder drei Stunden dauern kann und es keine M\u00f6glichkeit gibt, bei der Auswahl des Men\u00fcs ein separates Kindermen\u00fc zu bestellen. Kinder sind im Restaurantbereich Food &amp; Room der Kleinen Grille willkommen![\/vc_column_text][\/vc_column][vc_column width=&#8220;1\/3&#8243;][vc_single_image image=&#8220;17451&#8243; img_size=&#8220;medium&#8220;][\/vc_column][\/vc_row]<\/p>\n","protected":false},"excerpt":{"rendered":"<p>[vc_row][vc_column width=&#8220;1\/2&#8243;][vc_column_text] \u00dcber unser Chef&#8217;s Raum [\/vc_column_text][vc_column_text]Der Chef\u2019s Raum ist ein wirklich erlebnisreicher Raum f\u00fcr maximum 24 Personen, in dem in einer Showk\u00fcche die saisonalen Men\u00fcs zubereitet werden. W\u00e4hrend die Speisen zubereitet werden, k\u00f6nnen sich die G\u00e4ste nach Lust und Laune mit unseren K\u00f6chen \u00fcber die Zutaten, die Zubereitung der Speisen, deren Harmonie mit den&#8230;<\/p>\n","protected":false},"author":8,"featured_media":0,"parent":0,"menu_order":0,"comment_status":"closed","ping_status":"closed","template":"","meta":{"_acf_changed":false,"om_disable_all_campaigns":false,"_monsterinsights_skip_tracking":false,"_monsterinsights_sitenote_active":false,"_monsterinsights_sitenote_note":"","_monsterinsights_sitenote_category":0,"footnotes":""},"class_list":["post-15283","page","type-page","status-publish","hentry"],"acf":[],"aioseo_notices":[],"_links":{"self":[{"href":"https:\/\/kistucsok.hu\/de\/wp-json\/wp\/v2\/pages\/15283"}],"collection":[{"href":"https:\/\/kistucsok.hu\/de\/wp-json\/wp\/v2\/pages"}],"about":[{"href":"https:\/\/kistucsok.hu\/de\/wp-json\/wp\/v2\/types\/page"}],"author":[{"embeddable":true,"href":"https:\/\/kistucsok.hu\/de\/wp-json\/wp\/v2\/users\/8"}],"replies":[{"embeddable":true,"href":"https:\/\/kistucsok.hu\/de\/wp-json\/wp\/v2\/comments?post=15283"}],"version-history":[{"count":36,"href":"https:\/\/kistucsok.hu\/de\/wp-json\/wp\/v2\/pages\/15283\/revisions"}],"predecessor-version":[{"id":17574,"href":"https:\/\/kistucsok.hu\/de\/wp-json\/wp\/v2\/pages\/15283\/revisions\/17574"}],"wp:attachment":[{"href":"https:\/\/kistucsok.hu\/de\/wp-json\/wp\/v2\/media?parent=15283"}],"curies":[{"name":"wp","href":"https:\/\/api.w.org\/{rel}","templated":true}]}}