{"id":15275,"date":"2021-07-12T11:19:33","date_gmt":"2021-07-12T09:19:33","guid":{"rendered":"https:\/\/kistucsok.hu\/?page_id=15275"},"modified":"2021-09-20T10:52:59","modified_gmt":"2021-09-20T08:52:59","slug":"deli","status":"publish","type":"page","link":"https:\/\/kistucsok.hu\/de\/deli\/","title":{"rendered":"DELI"},"content":{"rendered":"<p>[vc_row][vc_column][vc_column_text] DELI \u2013 unser Feinkostladen<br \/>\nNehmen Sie einen Teil vom Kist\u00fccs\u00f6k-Erlebnis mit nach Hause! Wenn Sie bei uns Gast sind, besuchen Sie unseren Feinkostladen, wo Sie die bekannten Geschmacksrichtungen aus unserer K\u00fcche &#8211; unsere Eigenmarkenprodukte mitnehmen k\u00f6nnen sowie das Angebot von den besten Lieferanten der Umgebung geniessen k\u00f6nnen.<br \/>\nEntdecken Sie unsere Auswahl! [\/vc_column_text][\/vc_column][\/vc_row]<\/p>\n","protected":false},"excerpt":{"rendered":"<p>[vc_row][vc_column][vc_column_text] DELI \u2013 unser Feinkostladen Nehmen Sie einen Teil vom Kist\u00fccs\u00f6k-Erlebnis mit nach Hause! Wenn Sie bei uns Gast sind, besuchen Sie unseren Feinkostladen, wo Sie die bekannten Geschmacksrichtungen aus unserer K\u00fcche &#8211; unsere Eigenmarkenprodukte mitnehmen k\u00f6nnen sowie das Angebot von den besten Lieferanten der Umgebung geniessen k\u00f6nnen. Entdecken Sie unsere Auswahl! [\/vc_column_text][\/vc_column]&#8230;<\/p>\n","protected":false},"author":1,"featured_media":0,"parent":0,"menu_order":0,"comment_status":"closed","ping_status":"closed","template":"","meta":{"_acf_changed":false,"om_disable_all_campaigns":false,"_monsterinsights_skip_tracking":false,"_monsterinsights_sitenote_active":false,"_monsterinsights_sitenote_note":"","_monsterinsights_sitenote_category":0,"footnotes":""},"class_list":["post-15275","page","type-page","status-publish","hentry"],"acf":[],"aioseo_notices":[],"_links":{"self":[{"href":"https:\/\/kistucsok.hu\/de\/wp-json\/wp\/v2\/pages\/15275"}],"collection":[{"href":"https:\/\/kistucsok.hu\/de\/wp-json\/wp\/v2\/pages"}],"about":[{"href":"https:\/\/kistucsok.hu\/de\/wp-json\/wp\/v2\/types\/page"}],"author":[{"embeddable":true,"href":"https:\/\/kistucsok.hu\/de\/wp-json\/wp\/v2\/users\/1"}],"replies":[{"embeddable":true,"href":"https:\/\/kistucsok.hu\/de\/wp-json\/wp\/v2\/comments?post=15275"}],"version-history":[{"count":2,"href":"https:\/\/kistucsok.hu\/de\/wp-json\/wp\/v2\/pages\/15275\/revisions"}],"predecessor-version":[{"id":15277,"href":"https:\/\/kistucsok.hu\/de\/wp-json\/wp\/v2\/pages\/15275\/revisions\/15277"}],"wp:attachment":[{"href":"https:\/\/kistucsok.hu\/de\/wp-json\/wp\/v2\/media?parent=15275"}],"curies":[{"name":"wp","href":"https:\/\/api.w.org\/{rel}","templated":true}]}}